{"id":9410,"date":"2021-12-02T01:40:46","date_gmt":"2021-12-02T00:40:46","guid":{"rendered":"http:\/\/www.norderney192.nl\/norderney\/?page_id=9410"},"modified":"2023-02-14T23:54:57","modified_gmt":"2023-02-14T22:54:57","slug":"herinneringen_abeelen","status":"publish","type":"page","link":"https:\/\/www.norderney192.nl\/norderney\/herinneringen_abeelen\/","title":{"rendered":"herinneringen_abeelen"},"content":{"rendered":"<p>[et_pb_section fb_built=&#8221;1&#8243; fullwidth=&#8221;on&#8221; admin_label=&#8221;Generic S0&#8243; module_id=&#8221;nn-generic-section0&#8243; _builder_version=&#8221;4.17.3&#8243; _module_preset=&#8221;default&#8221; saved_tabs=&#8221;all&#8221; global_colors_info=&#8221;{}&#8221;][et_pb_fullwidth_code admin_label=&#8221;Generic S0 Full Width Code&#8221; module_id=&#8221;nn-generic-section0-code&#8221; _builder_version=&#8221;4.19.4&#8243; _module_preset=&#8221;default&#8221; width=&#8221;100%&#8221; global_colors_info=&#8221;{}&#8221;]<\/p>\n<h5>ren\u00e9 van den abeelen<\/h5>\n<p>[\/et_pb_fullwidth_code][\/et_pb_section][et_pb_section fb_built=&#8221;1&#8243; fullwidth=&#8221;on&#8221; admin_label=&#8221;Generic S1&#8243; module_id=&#8221;nn-generic-section1&#8243; _builder_version=&#8221;4.16&#8243; _module_preset=&#8221;default&#8221; saved_tabs=&#8221;all&#8221; global_colors_info=&#8221;{}&#8221;][et_pb_fullwidth_code admin_label=&#8221;Generic S1 Full Width Code&#8221; module_id=&#8221;nn-generic-section1-code&#8221; _builder_version=&#8221;4.19.5&#8243; _module_preset=&#8221;default&#8221; width=&#8221;100%&#8221; custom_margin=&#8221;||||false|false&#8221; hover_enabled=&#8221;0&#8243; global_colors_info=&#8221;{}&#8221; sticky_enabled=&#8221;0&#8243;]<\/p>\n<div id=\"nn-page-global\"><!-- [et_pb_line_break_holder] -->    <\/p>\n<div id=\"nn-page-herinneringen\"><!-- [et_pb_line_break_holder] -->        <pee><!-- [et_pb_line_break_holder] -->        <\/p>\n<h2>Meeuwen op twaalf twee vier<\/h2>\n<p><i>door Ren\u00e9 van den Abeelen<\/i><\/pee><!-- [et_pb_line_break_holder] -->        <pee><!-- [et_pb_line_break_holder] -->        <\/p>\n<figure class=\"floatright\"><img decoding=\"async\" src=\"\/afb\/foto_rene_vd_abeelen.jpg\" \/><!-- [et_pb_line_break_holder] --><figcaption>Ren\u00e9 van den Abeelen<\/figcaption><!-- [et_pb_line_break_holder] -->        <\/figure>\n<p><!-- [et_pb_line_break_holder] -->        <\/pee><!-- [et_pb_line_break_holder] --><!-- [et_pb_line_break_holder] -->        <\/p>\n<figure class=\"floatleft\">\n<div data-wimpybutton=\"\/sndmemories\/De-ZEE.mp3\" class=\"WimpyButton_speaker play\" style=\"user-select: none; cursor: pointer;\"><\/div><figcaption style=\"text-align: center;\">Meeuwen<\/figcaption><\/figure>\n<p><!-- [et_pb_line_break_holder] --><!-- [et_pb_line_break_holder] -->        <pee>Toen ik vanavond in de auto zat op weg naar huis en ik gewoontegetrouw alle voorkeuzetoetsen afliep, merkte<!-- [et_pb_line_break_holder] -->            ik dat op de <b>1224 AM<\/b> de <b>Veronica-meeuwen<\/b> te horen zijn. Het kan overdreven klinken, maar ik<!-- [et_pb_line_break_holder] -->            voelde heel licht kippenvel. Ik ben namelijk van die generatie voor wie het geluid van die meeuwen heel veel<!-- [et_pb_line_break_holder] -->            betekent. <\/pee><!-- [et_pb_line_break_holder] -->            <pee>Bijna 25 jaar geleden nam de Nederlandse overheid mij MIJN radiostation af. Daaraan was een aantal jaar van<!-- [et_pb_line_break_holder] -->            bange onzekerheid vooraf gegaan. Zouden ze het aandurven? Jawel, ze durfden het aan. En dus hoorde ik, samen<!-- [et_pb_line_break_holder] -->            met miljoenen anderen, die laatste weken van <b>augustus 1974<\/b> het aftellen van de uren.<\/pee><!-- [et_pb_line_break_holder] -->        <pee>Net zeventien was ik, toen het doek viel. Geld voor voldoende cassettes om de hele boel op te nemen had ik<!-- [et_pb_line_break_holder] -->            nauwelijks en dus bleef het bij wat brokken en stukken presentaties. De platen knipte ik er tussenuit, want<!-- [et_pb_line_break_holder] -->            daar ging het niet om. Uiteraard werd het daardoor wel onmogelijk programma&#8217;s nog eens echt te herbeleven.<!-- [et_pb_line_break_holder] -->            En de kwaliteit van de cassettes (die groene en geel\/oranje BASFjes, weet u nog wel) en mijn goedkope Vendex<!-- [et_pb_line_break_holder] -->            cassettedeckje was ook niet bepaald je dat, met als gevolg dat er inmiddels van mijn verzamelingetje niets<!-- [et_pb_line_break_holder] -->            meer over is. En het was al zo weinig. Want van de uitzendingen van de late avond en de nacht kon ik so wie<!-- [et_pb_line_break_holder] -->            so niets opnemen. Pas later hoorde ik van die fantastische herhalingen.<\/pee><!-- [et_pb_line_break_holder] -->        <\/p>\n<figure class=\"floatleft\"><img decoding=\"async\" src=\"\/afb\/Lex_micro.jpg\" \/><!-- [et_pb_line_break_holder] --><figcaption>Lex Harding<\/figcaption><!-- [et_pb_line_break_holder] -->        <\/figure>\n<p><!-- [et_pb_line_break_holder] -->        <pee>Veronica. Dat was op een zomerse zaterdagochtend de radio aanhebben terwijl buiten op straat enkele buren hun<!-- [et_pb_line_break_holder] -->            auto stonden te wassen. Dat was de bestelauto van \u00e9\u00e9n of ander expeditiebedrijf in de straat, met de deur<!-- [et_pb_line_break_holder] -->            open en dan horen dat ook die chauffeur luisterde. Dat was op vrijdagavond in de <b>Lexjo<\/b> muziek waar ik<!-- [et_pb_line_break_holder] -->            me nog niet mee bezighield, maar waar ik toch al iets in hoorde. <\/pee><!-- [et_pb_line_break_holder] -->        <pee>Dat was het toch altijd wat melancholische, als de nieuwsuitzendingen van die dag erop zaten en de<!-- [et_pb_line_break_holder] -->            nieuwslezer over Junk van Paul McCartney heen, gedag zei. Dat waren de waanzinnige <b>Sangria&#8217;s<\/b> op<!-- [et_pb_line_break_holder] -->            zondag en de <b>Top 100<\/b> van het jaar met de Kerst. Transistorradiootje mee naar oma en opa, om daar aan<!-- [et_pb_line_break_holder] -->            tafel in de achterkamer zachtjes toch te kunnen luisteren. Op z&#8217;n minst de Top 10 kon je letterlijk van<!-- [et_pb_line_break_holder] -->            achter naar voren opzeggen, en vanzelfsprekend wist je wat de nieuwe Alarmschijf was. Het gedrukte exemplaar<!-- [et_pb_line_break_holder] -->            haalde je tenslotte ook iedere week bij je platenhandelaar. <\/pee><!-- [et_pb_line_break_holder] -->        <pee>De <b>ABTT<\/b> met al die krankzinnige ogenblikken en die eindeloze Friend Of Mine van Fields, die ik na<!-- [et_pb_line_break_holder] -->            jaaaaren jagen eindelijk te pakken kreeg bij een kraampje op Parkpop, pakweg tien jaar geleden. Inmiddels is<!-- [et_pb_line_break_holder] -->            het album op cd uit, maar toch&#8230; <\/pee><!-- [et_pb_line_break_holder] -->        <\/p>\n<figure class=\"floatright\"><img decoding=\"async\" src=\"\/afb\/collins_luik.jpg\" \/><!-- [et_pb_line_break_holder] --><figcaption>Will Luikinga en Tom Collins<\/figcaption><!-- [et_pb_line_break_holder] -->        <\/figure>\n<p><!-- [et_pb_line_break_holder] -->        <pee>Veronica. Dat was die dwaze <b>Luikinga<\/b> die tijdens een locatie opname bij de Scheveningse Pier zogenaamd<!-- [et_pb_line_break_holder] -->            tot wanhoop werd gedreven toen het publiek doorging met het aantal prijzen te verhogen als de deelnemer aan<!-- [et_pb_line_break_holder] -->            het spelletje geen muntje zou kiezen. Will bood drie singletjes. Vier. Vijf. En toen ging het publiek op de<!-- [et_pb_line_break_holder] -->            loop en telde men massaal door tot honderd. Het leek op een groot feest met allemaal vrienden. <\/pee><!-- [et_pb_line_break_holder] -->        <pee>Veronica. Dat was &#8216;s middags om vijf uur Beginnings van Chicago en zo gauw de stem van <b>Rob Out<\/b> daar<!-- [et_pb_line_break_holder] -->            overheen kwam, scheen de zon uit je luidspreker. Burgerlijke goedmoedige <b>Stan Haag<\/b>. <b>Tom<!-- [et_pb_line_break_holder] -->                Collins<\/b> met dat karakteristieke geluid en die opgewekte babbels. <b>Hans Mondt<\/b>, die de volmaakte<!-- [et_pb_line_break_holder] -->            tegenhanger van Arbeidsvitaminen was. <b>Tineke<\/b>, vooral &#8216;s avonds laat, met Expecting To Fly. De<!-- [et_pb_line_break_holder] -->            uitzendingen in de wintermaanden, met onophoudelijk het zware gekraak er doorheen. En toch blijven<!-- [et_pb_line_break_holder] -->            luisteren.<\/pee><!-- [et_pb_line_break_holder] -->        <pee>De schitterende tune van de <b>Top 40<\/b>, die inderdaad niets minder was dan de <b>Nationale Zaterdagmiddag<!-- [et_pb_line_break_holder] -->                Gebeurtenis<\/b>. De radiorebus, waar je wel wat voor moest doen, maar die je absoluut iedere week kon<!-- [et_pb_line_break_holder] -->            oplossen. Hoeveel mensen ik gek heb gemaakt om ze zover te krijgen dat ze de adhesiebetuiging invulden of<!-- [et_pb_line_break_holder] -->            later zelfs lid werden, weet ik bij benadering niet, maar het moeten er heel wat zijn geweest. En jawel; bij<!-- [et_pb_line_break_holder] -->            CRM in Rijswijk heb ik ooit &#8216;s avonds nog een raam wit geschilderd. Het hielp niet, maar het voelde fijn.<!-- [et_pb_line_break_holder] -->        <\/pee><!-- [et_pb_line_break_holder] -->        <\/p>\n<figure class=\"floatleft\"><img decoding=\"async\" src=\"\/afb\/Norderney_strand.jpg\" \/><!-- [et_pb_line_break_holder] --><figcaption><\/figcaption><!-- [et_pb_line_break_holder] -->        <\/figure>\n<p><!-- [et_pb_line_break_holder] -->        <pee>Toen de <b>Norderney<\/b> op het strand lag, heb ik ontelbare uren op het Scheveningse strand doorgebracht,<!-- [et_pb_line_break_holder] -->            voor het eerst pratend met jocks en anderen. Zwart-wit foto&#8217;s maken van het schip en op een duintop zitten<!-- [et_pb_line_break_holder] -->            kletsen met oom <b>Bull<\/b>. Gewoon wat babbelen met <b>Freek<\/b>, <b>Arend<\/b>, <b>Tom<\/b>, <b>Rob<\/b>,<!-- [et_pb_line_break_holder] -->            <b>Adje<\/b>, <b>Hans<\/b> en weet ik al niet wie. Bijna bidden dat die schuit weer zou loskomen, en volmaakt<!-- [et_pb_line_break_holder] -->            gelukkig zijn toen er op die achttiende april twee golflengtes in gebruik waren voor Veronica, en niet<!-- [et_pb_line_break_holder] -->            geeneen, waar het even naar uitzag.<!-- [et_pb_line_break_holder] -->        <\/pee><!-- [et_pb_line_break_holder] -->        <pee>Kapot was ik, toen op die zaterdagavond precies om zes uur het kristal uit de zender werd getrokken.<!-- [et_pb_line_break_holder] -->            Afgelopen, uit. En toen de <b>Ger Anna<\/b> later die avond de haven binnenliep, stond ik tussen die<!-- [et_pb_line_break_holder] -->            duizenden die de jocks, technici en oom Bull opwachtten. <\/pee><!-- [et_pb_line_break_holder] -->        <pee>Het werd vijftien maanden wachten, voor de meeuwen weer krijsten. En toen was het op de laatste zondagochtend<!-- [et_pb_line_break_holder] -->            van <b>1975<\/b>, &#8216;s ochtends om acht uur. Direct na het eerste nieuwsbulletin op <b>Hilversum 4,<\/b> de<!-- [et_pb_line_break_holder] -->            zender waar we o zo erg op zaten te wachten met zijn allen. Vond de overheid, onder druk van een violist. De<!-- [et_pb_line_break_holder] -->            tranen liepen over mijn gezicht toen die collage van jingles voorbij trok. MIJN Veronica was terug. <\/pee><!-- [et_pb_line_break_holder] -->        <pee>En wat had ik een lol toen de <b>C-status<\/b> werd binnen gesleept. En de <b>B-status<\/b>. En de<!-- [et_pb_line_break_holder] -->            <b>A-status<\/b>. Allemaal in recordtijd. Ondanks dat de drie uurtjes radio per week voor de aspirant omroep<!-- [et_pb_line_break_holder] -->            heel slim zodanig waren gepland dat Veronica zo weinig mogelijk kans had. E\u00e9n uurtje op de klassieke zender,<!-- [et_pb_line_break_holder] -->            op zondagochtend vroeg. E\u00e9n uurtje op de informatieve zender, maandagavond laat. En het ene uurtje op de<!-- [et_pb_line_break_holder] -->            popzender op vrijdagavond, exact tegenover Toppop. En toch won Veronica.<!-- [et_pb_line_break_holder] -->        <\/pee><!-- [et_pb_line_break_holder] -->        <\/p>\n<figure class=\"floatright\"><img decoding=\"async\" src=\"\/afb\/JurgMichaelTinus.jpg\" \/><!-- [et_pb_line_break_holder] --><figcaption>Jurg van Beem, Michael Bakker en Tineke tijdens Veronica 1224<\/figcaption><!-- [et_pb_line_break_holder] -->        <\/figure>\n<p><!-- [et_pb_line_break_holder] -->        <pee>Was het nu allemaal zo geweldig? Was De Radio zonder Veronica ook gekomen waar ze nu is? Was Love Me Do van<!-- [et_pb_line_break_holder] -->            The Beatles zo schokkend en fantastisch? Nee. Maar TOEN wel! Was popmuziek zonder The Beatles ooit geworden<!-- [et_pb_line_break_holder] -->            wat het nu is? Vast wel. Waarschijnlijk niet 100 % hetzelfde, maar niet echt anders. Er was beslist een<!-- [et_pb_line_break_holder] -->            andere groep opgestaan die diezelfde positie had veroverd. Maar het waren The Beatles. En het was Veronica.<!-- [et_pb_line_break_holder] -->            En volgens mij is er niets anders dat zo\u2019n kolossaal stempel op mijn jeugd heeft gedrukt. Waar ik altijd<!-- [et_pb_line_break_holder] -->            terecht kon. Wat mijn liefde voor het medium radio en mijn liefde voor muziek op zijn minst heeft<!-- [et_pb_line_break_holder] -->            aangewakkerd.<\/pee><!-- [et_pb_line_break_holder] -->        <pee>En dus staat op dit ogenblik mijn oude, reusachtige Philips buizenradio op de twaalf twee vier. Want mijn<!-- [et_pb_line_break_holder] -->            moderne stereotorentje met digitale uitlezing, twintig geheugenplaatsen, surround en vooraf geprogrammeerde<!-- [et_pb_line_break_holder] -->            effecten ontvangt geen ruk. Ziedaar de vooruitgang. En dus hoop ik dat ik erin slaag zoveel mogelijk met<!-- [et_pb_line_break_holder] -->            name oud materiaal op minidisc te zetten. Lekker mono, dus dat is twee uur op \u00e9\u00e9n schijfje. Helemaal goed!<!-- [et_pb_line_break_holder] -->            Als de ontvangst maar een beetje te pruimen is, want erg sterk is de zender niet, geloof ik. En anders hoop<!-- [et_pb_line_break_holder] -->            ik dat ik op \u00e9\u00e9n of andere manier toch aan kopie\u00ebn kan komen. Oom Bull kreeg destijds de complete<!-- [et_pb_line_break_holder] -->            uitzendingen van de laatste week. Wat ben ik daar jaloers op.<\/pee><!-- [et_pb_line_break_holder] -->        <pee>Bijna is er een kwart eeuw voorbij, sinds die zaterdag. Eigenlijk&#8230; mis ik het nog dagelijks. Je hebt alleen<!-- [et_pb_line_break_holder] -->            de tijd niet om het je te realiseren. En dat kan natuurlijk ook niet. Maar nu die <b>meeuwen<\/b> weer<!-- [et_pb_line_break_holder] -->            krijsen op de <b>middengolf<\/b> weet ik weer heel precies wat een genot het destijds was. <\/pee><!-- [et_pb_line_break_holder] -->        <pee>Kunnen we Adje niet voordragen voor de Nobelprijs voor de vrede ofzo? <\/pee><!-- [et_pb_line_break_holder] -->        <pee><i><a href=\"http:\/\/www.renevandenabeelen.net\">Ren\u00e9 van den Abeelen<\/a>, 18 augustus 1999 <\/i><!-- [et_pb_line_break_holder] -->        <\/pee><!-- [et_pb_line_break_holder] -->    <\/div>\n<p><!-- \n\n<div nn-page-herinneringen> --><!-- [et_pb_line_break_holder] --><\/div>\n<p><!-- \n\n<div nn-page-global> -->[\/et_pb_fullwidth_code][\/et_pb_section]<\/p>\n","protected":false},"excerpt":{"rendered":"","protected":false},"author":2,"featured_media":0,"parent":0,"menu_order":0,"comment_status":"closed","ping_status":"closed","template":"","meta":{"_et_pb_use_builder":"on","_et_pb_old_content":"","_et_gb_content_width":"","footnotes":""},"class_list":["post-9410","page","type-page","status-publish","hentry"],"blog_post_layout_featured_media_urls":{"thumbnail":"","full":""},"categories_names":null,"comments_number":0,"_links":{"self":[{"href":"https:\/\/www.norderney192.nl\/norderney\/wp-json\/wp\/v2\/pages\/9410","targetHints":{"allow":["GET"]}}],"collection":[{"href":"https:\/\/www.norderney192.nl\/norderney\/wp-json\/wp\/v2\/pages"}],"about":[{"href":"https:\/\/www.norderney192.nl\/norderney\/wp-json\/wp\/v2\/types\/page"}],"author":[{"embeddable":true,"href":"https:\/\/www.norderney192.nl\/norderney\/wp-json\/wp\/v2\/users\/2"}],"replies":[{"embeddable":true,"href":"https:\/\/www.norderney192.nl\/norderney\/wp-json\/wp\/v2\/comments?post=9410"}],"version-history":[{"count":0,"href":"https:\/\/www.norderney192.nl\/norderney\/wp-json\/wp\/v2\/pages\/9410\/revisions"}],"wp:attachment":[{"href":"https:\/\/www.norderney192.nl\/norderney\/wp-json\/wp\/v2\/media?parent=9410"}],"curies":[{"name":"wp","href":"https:\/\/api.w.org\/{rel}","templated":true}]}}